{"id":582,"date":"2016-01-26T13:50:54","date_gmt":"2016-01-26T18:50:54","guid":{"rendered":"http:\/\/www.peristalticpumpblog.com\/randolphtubing.com\/?page_id=582"},"modified":"2018-04-05T08:37:16","modified_gmt":"2018-04-05T13:37:16","slug":"flexible-tubing","status":"publish","type":"page","link":"https:\/\/www.randolphtubing.com\/espanol\/flexible-tubing\/","title":{"rendered":"Tubing Features"},"content":{"rendered":"<h1>Tuber&iacute;a Flexible de Pl&aacute;stico<\/h1>\n<p>Randolph Austin es fabricante l&iacute;der de bombas perist&aacute;lticas. Y adem&aacute;s fabricamos tubos flexibles de pl&aacute;stico para esas bombas, por lo que somos el distribuidor de tubos industriales perfecto &#8230; &iexcl;podemos fabricar m&aacute;s de lo que usted puediera necesitar!<\/p>\n<p>Las bombas perist&aacute;lticas se usan en aplicaciones donde el mecanismo de la bomba debe mantenerse separado del l&iacute;quido que se transfiere porque es corrosivo, inseguro o por razones sanitarias. Al trabajar con nuestros clientes, Randolph Tubing ha desarrollado tubos de bomba de alta calidad para una amplia gama de aplicaciones:<\/p>\n<ul>\n<li><a href=\"https:\/\/www.randolphtubing.com\/cilran-acid-resistant-tubing\/\">Cilran&trade; tubos resistentes a productos qu&iacute;micos, &aacute;cidos y alcalinos<\/a><\/li>\n<li><a href=\"https:\/\/www.randolphtubing.com\/ed-plex-thermoplastic-tubing\/\">ED-Plex&trade; tubo resistente a los &aacute;cidos d&eacute;biles<\/a><\/li>\n<li><a href=\"https:\/\/www.randolphtubing.com\/prothane-polyurethane-tubing\/\">Prothane II&trade; tubo de poliuretano<\/a>, resistente a la abrasi&oacute;n, altamente flexible, para usar con tintas, lodos y fluidos abrasivos<\/li>\n<li><a href=\"https:\/\/www.randolphtubing.com\/povinal-chemical-resistant-tubing\/\">Povinal&trade; Povinal&trade; tubo resistente a productos<\/a>, qu&iacute;micos, para uso en solventes y combustibles<\/li>\n<li><a href=\"https:\/\/www.randolphtubing.com\/flexible-vytex-vinyl-tubing\/\">Vytex&trade; tubo de polivinilo transparente<\/a> para alimentos, bebidas y aplicaciones de uso general<\/li>\n<li><a href=\"https:\/\/www.randolphtubing.com\/t-alimen-food-grade-tubing\/\">T-Alimen&trade; tuber&iacute;a de elast&oacute;mero termopl&aacute;stico de calidad, para alimentos y bebidas<\/a><\/li>\n<\/ul>\n<p>Al igual que las bombas perist&aacute;lticas Randolph, las tuber&iacute;as pl&aacute;sticas flexibles de Randolph han demostrado ser duraderas y confiables en miles de aplicaciones reales en hospitales y farmacias, campos petroleros, prensas de fabricaci&oacute;n e impresi&oacute;n y muchos otros usos y condiciones.<\/p>\n<table>\n<tbody>\n<tr>\n<td style=\"width: 293px;\"><a href=\"https:\/\/www.randolphtubing.com\/cilran-acid-resistant-tubing\/\"><img loading=\"lazy\" decoding=\"async\" class=\"alignnone wp-image-957 size-full\" src=\"https:\/\/www.randolphtubing.com\/wp-content\/uploads\/2016\/06\/cilran.png\" alt=\"Cilran is flexible plastic tubing ideal for use with strong acids, alkalies and corrosives.\" width=\"100\" height=\"100\" \/><br \/>\n<\/a><strong><a href=\"https:\/\/www.randolphtubing.com\/cilran-acid-resistant-tubing\/\">Cilran, Propiedades<\/a><\/strong><\/p>\n<ul>\n<li>Baja permeabilidad a los gases<\/li>\n<li>Clase VI de Clasificacion de Medicamentos en USA<\/li>\n<li>Altamente flexible<\/li>\n<li>Excelente para bombas perist&aacute;lticas<\/li>\n<li>De color blanco transl&uacute;cido<\/li>\n<li>Usado para transferencia de &aacute;cidos y &aacute;lcalis<\/li>\n<\/ul>\n<\/td>\n<td style=\"width: 293px;\"><a href=\"https:\/\/www.randolphtubing.com\/ed-plex-thermoplastic-tubing\/\"><img loading=\"lazy\" decoding=\"async\" class=\"alignnone wp-image-716 size-full\" src=\"https:\/\/www.randolphtubing.com\/wp-content\/uploads\/2016\/02\/ed-plex.png\" alt=\"ED-Plex is a UV-resistant flexible plastic tubing product; black color\" width=\"100\" height=\"100\" \/><\/a><br \/>\n<strong><a href=\"https:\/\/www.randolphtubing.com\/ed-plex\/\">ED-Plex, Propiedades<\/a><\/strong><\/p>\n<ul>\n<li>Copol\u00edmero termopl\u00e1stico resistente a los rayos UV<\/li>\n<li>Altamente flexible<\/li>\n<li>Excelente para bombas perist\u00e1lticas<\/li>\n<li>Tubos de uso general<\/li>\n<li>De color negro<\/li>\n<li>Se usa con soluciones d\u00e9biles de \u00e1cido, \u00e1lcali y alcohol<\/li>\n<\/ul>\n<\/td>\n<td style=\"width: 293px;\"><a href=\"https:\/\/www.randolphtubing.com\/prothane-polyurethane-tubing\/\"><img loading=\"lazy\" decoding=\"async\" class=\"alignnone wp-image-717 size-full\" src=\"https:\/\/www.randolphtubing.com\/wp-content\/uploads\/2016\/02\/prothane.png\" alt=\"Prothane II tubing is abrasion resistant, translucent blue peristaltic pump tubing\" width=\"100\" height=\"100\" \/><\/a><br \/>\n<strong><a href=\"https:\/\/www.randolphtubing.com\/prothane\/\">Prothane II, Propiedades<\/a><\/strong><\/p>\n<ul>\n<li>Excelente resistencia a la abrasi\u00f3n<\/li>\n<li>Alta resistencia a la tensi\u00f3n y flexibilidad duradera<\/li>\n<li>Resistente a algunos hidrocarburos alif\u00e1ticos<\/li>\n<li>Buena estabilidad hidrol\u00edtica<\/li>\n<li>Excelente para bombas perist\u00e1lticas<\/li>\n<li>De color azul transl\u00facido<\/li>\n<li>Uso para tintas, lodos, materiales viscosos, aceites suaves y solventes<\/li>\n<\/ul>\n<\/td>\n<\/tr>\n<\/tbody>\n<\/table>\n<table>\n<tbody>\n<tr>\n<td style=\"width: 293px;\"><a href=\"https:\/\/www.randolphtubing.com\/povinal-chemical-resistant-tubing\/\"><img loading=\"lazy\" decoding=\"async\" class=\"alignnone size-full wp-image-951\" src=\"https:\/\/www.randolphtubing.com\/wp-content\/uploads\/2016\/06\/povinal.png\" alt=\"Povinal peristaltic pump tubing is translucent green, and water soluble\" width=\"100\" height=\"100\" \/><br \/>\n<\/a><strong><a href=\"https:\/\/www.randolphtubing.com\/povinal\/\">Povinal, Propiedades<\/a><\/strong><\/p>\n<ul>\n<li>Baja permeabilidad a los gases<\/li>\n<li>Altamente flexible<\/li>\n<li>Excelente para bombas perist&aacute;lticas<\/li>\n<li>Soluble en agua<\/li>\n<li>De color verde transl&uacute;cido o &aacute;mbar<\/li>\n<li>Uso para solventes alif&aacute;ticos, arom&aacute;ticos y clorados<\/li>\n<\/ul>\n<\/td>\n<td><a href=\"https:\/\/www.randolphtubing.com\/flexible-vytex-vinyl-tubing\/\"><img loading=\"lazy\" decoding=\"async\" class=\"alignnone wp-image-714 size-full\" src=\"https:\/\/www.randolphtubing.com\/wp-content\/uploads\/2016\/02\/vytex.png\" alt=\"Vytex flexible tubing has a smooth internal bore and outstanding flow; flexible PVC tubing from your industrial tubing distributor\" width=\"100\" height=\"100\" \/><\/a><br \/>\n<strong><a href=\"https:\/\/www.randolphtubing.com\/vytex-vinyl-tubing\/\">Vytex, Propiedades<\/a><\/strong><\/p>\n<ul>\n<li>Taladro interno liso<\/li>\n<li>F&aacute;cil limpieza<\/li>\n<li>Flujo excepcional<\/li>\n<li>Flexibilidad muy duradera<\/li>\n<li>Adecuado para bombas perist&aacute;lticas<\/li>\n<li>Tubos flexibles de PVC<\/li>\n<li>De color claro transl&uacute;cido<\/li>\n<li>Uso para alimentos, bebidas y uso general<\/li>\n<\/ul>\n<\/td>\n<td><a href=\"https:\/\/www.randolphtubing.com\/t-alimen-food-grade-tubing\/\"><img loading=\"lazy\" decoding=\"async\" class=\"alignnone wp-image-714 size-full\" src=\"https:\/\/www.randolphtubing.com\/wp-content\/uploads\/2016\/05\/t-alimen.png\" alt=\"T-Alimen flexible plastic tubing for food and beverage dispensing\" width=\"100\" height=\"100\" \/><\/a><br \/>\n<strong><a href=\"https:\/\/www.randolphtubing.com\/t-alimen\/\">T-Alimen, Propiedades<\/a><\/strong><\/p>\n<ul>\n<li>Tubos de grado alimenticio y de bebidas<\/li>\n<li>Elastomero termopl&aacute;stico<\/li>\n<li>Cumple con las normas RoHS<\/li>\n<li>Cumple con las normas NSF STD-51<\/li>\n<li>Color natural<\/li>\n<li>Excelente para aplicaciones de bombas perist&aacute;lticas<\/li>\n<\/ul>\n<\/td>\n<\/tr>\n<\/tbody>\n<\/table>\n","protected":false},"excerpt":{"rendered":"<p>Tuber&iacute;a Flexible de Pl&aacute;stico Randolph Austin es fabricante l&iacute;der de bombas perist&aacute;lticas. Y adem&aacute;s fabricamos tubos flexibles de pl&aacute;stico para esas bombas, por lo que somos el distribuidor de tubos industriales perfecto &#8230; &iexcl;podemos fabricar m&aacute;s de lo que usted puediera necesitar! Las bombas perist&aacute;lticas se usan en aplicaciones donde el mecanismo de la bomba debe mantenerse separado del l&iacute;quido [&hellip;]<\/p>\n","protected":false},"author":1,"featured_media":0,"parent":0,"menu_order":0,"comment_status":"closed","ping_status":"closed","template":"","meta":{"_monsterinsights_skip_tracking":false,"_monsterinsights_sitenote_active":false,"_monsterinsights_sitenote_note":"","_monsterinsights_sitenote_category":0,"footnotes":""},"yst_prominent_words":[289,279,276,256,288,287,277,286,282,284,283,275,274,260,285,278,281,257,280,249],"class_list":["post-582","page","type-page","status-publish","hentry"],"_links":{"self":[{"href":"https:\/\/www.randolphtubing.com\/espanol\/wp-json\/wp\/v2\/pages\/582","targetHints":{"allow":["GET"]}}],"collection":[{"href":"https:\/\/www.randolphtubing.com\/espanol\/wp-json\/wp\/v2\/pages"}],"about":[{"href":"https:\/\/www.randolphtubing.com\/espanol\/wp-json\/wp\/v2\/types\/page"}],"author":[{"embeddable":true,"href":"https:\/\/www.randolphtubing.com\/espanol\/wp-json\/wp\/v2\/users\/1"}],"replies":[{"embeddable":true,"href":"https:\/\/www.randolphtubing.com\/espanol\/wp-json\/wp\/v2\/comments?post=582"}],"version-history":[{"count":20,"href":"https:\/\/www.randolphtubing.com\/espanol\/wp-json\/wp\/v2\/pages\/582\/revisions"}],"predecessor-version":[{"id":1265,"href":"https:\/\/www.randolphtubing.com\/espanol\/wp-json\/wp\/v2\/pages\/582\/revisions\/1265"}],"wp:attachment":[{"href":"https:\/\/www.randolphtubing.com\/espanol\/wp-json\/wp\/v2\/media?parent=582"}],"wp:term":[{"taxonomy":"yst_prominent_words","embeddable":true,"href":"https:\/\/www.randolphtubing.com\/espanol\/wp-json\/wp\/v2\/yst_prominent_words?post=582"}],"curies":[{"name":"wp","href":"https:\/\/api.w.org\/{rel}","templated":true}]}}