{"id":467,"date":"2015-11-04T16:29:16","date_gmt":"2015-11-04T16:29:16","guid":{"rendered":"http:\/\/www.web-design-austin.net\/randolph\/?page_id=467"},"modified":"2018-04-05T09:11:34","modified_gmt":"2018-04-05T14:11:34","slug":"contact-us","status":"publish","type":"page","link":"https:\/\/www.randolphtubing.com\/espanol\/contact-us\/","title":{"rendered":"Contact Us"},"content":{"rendered":"<h3>Informaci\u00f3n de Contacto<\/h3>\n<p>Horario de Servicio de 7:30 am a 4:30 pm CST hora del centro<\/p>\n<table>\n<tbody>\n<tr>\n<td style=\"vertical-align: top;\"><strong>Address<\/strong><br \/>\nRandolph Austin Company<br \/>\n2119 F.M. 1626<br \/>\nP.O. Box 988<br \/>\nManchaca, TX 78652<\/td>\n<td style=\"vertical-align: top;\"><strong>Departmentos<\/strong><\/p>\n<table>\n<tbody>\n<tr>\n<td>Venta de tubos<\/td>\n<td>001 512.282.1590 x109 or x107<\/td>\n<\/tr>\n<tr>\n<td>Perfiles de Extrusi\u00f3n<\/td>\n<td>001 512.282.1590 x132<\/td>\n<\/tr>\n<tr>\n<td>Soluciones a la Medida<\/td>\n<td>001 512.282.1590 x121<\/td>\n<\/tr>\n<\/tbody>\n<\/table>\n<\/td>\n<td style=\"vertical-align: top;\"><strong>Contacto<\/strong><\/p>\n<table>\n<tbody>\n<tr>\n<td>Tel\u00e9fono Gratuito en US<\/td>\n<td>1.800.531.5263<\/td>\n<\/tr>\n<tr>\n<td>Tel\u00e9fono<\/td>\n<td>001 512.282.1590<\/td>\n<\/tr>\n<tr>\n<td>Fax<\/td>\n<td>001 512.280.0678<\/td>\n<\/tr>\n<tr>\n<td>Correo Electr\u00f3nico<\/td>\n<td><a href=\"&#109;&#x61;&#105;&#x6c;&#116;&#x6f;:&#x73;a&#x6c;e&#115;&#x40;&#119;&#x77;&#119;&#x2e;&#114;&#x61;n&#x64;o&#x6c;p&#104;&#x61;&#117;&#x73;&#116;&#x69;&#110;&#x2e;c&#x6f;m\">&#115;&#x61;&#108;&#x65;&#115;&#x40;w&#x77;w&#x2e;r&#97;&#x6e;&#100;&#x6f;&#108;&#x70;&#104;&#x61;u&#x73;t&#x69;n&#46;&#x63;&#111;&#x6d;<\/a><\/td>\n<\/tr>\n<\/tbody>\n<\/table>\n<\/td>\n<\/tr>\n<\/tbody>\n<\/table>\n<h3>Para Solicitar Informaci\u00f3n<\/h3>\n<div role=\"form\" class=\"wpcf7\" id=\"wpcf7-f1280-o1\" lang=\"en-US\" dir=\"ltr\">\n<div class=\"screen-reader-response\"><\/div>\n<form action=\"\/espanol\/wp-json\/wp\/v2\/pages\/467#wpcf7-f1280-o1\" method=\"post\" class=\"wpcf7-form\" novalidate=\"novalidate\">\n<div style=\"display: none;\">\n<input type=\"hidden\" name=\"_wpcf7\" value=\"1280\" \/>\n<input type=\"hidden\" name=\"_wpcf7_version\" value=\"5.0.1\" \/>\n<input type=\"hidden\" name=\"_wpcf7_locale\" value=\"en_US\" \/>\n<input type=\"hidden\" name=\"_wpcf7_unit_tag\" value=\"wpcf7-f1280-o1\" \/>\n<input type=\"hidden\" name=\"_wpcf7_container_post\" value=\"0\" \/>\n<\/div>\n<table>\n<tr>\n<td style=\"vertical-align:top;\">\n*Nombre<br \/>\n<span class=\"wpcf7-form-control-wrap your-name\"><input type=\"text\" name=\"your-name\" value=\"\" size=\"40\" class=\"wpcf7-form-control wpcf7-text wpcf7-validates-as-required\" aria-required=\"true\" aria-invalid=\"false\" \/><\/span><\/p>\n<p>Compa\u00f1ia<br \/>\n<span class=\"wpcf7-form-control-wrap your-company\"><input type=\"text\" name=\"your-company\" value=\"\" size=\"40\" class=\"wpcf7-form-control wpcf7-text\" aria-invalid=\"false\" \/><\/span><\/p>\n<p>Direcci\u00f3n<br \/>\n<span class=\"wpcf7-form-control-wrap your-address\"><input type=\"text\" name=\"your-address\" value=\"\" size=\"40\" class=\"wpcf7-form-control wpcf7-text\" aria-invalid=\"false\" \/><\/span><\/p>\n<p>Ciudad<br \/>\n<span class=\"wpcf7-form-control-wrap your-city\"><input type=\"text\" name=\"your-city\" value=\"\" size=\"40\" class=\"wpcf7-form-control wpcf7-text\" aria-invalid=\"false\" \/><\/span><\/p>\n<p>Estado<br \/>\n<span class=\"wpcf7-form-control-wrap your-state\"><select name=\"your-state\" class=\"wpcf7-form-control wpcf7-select\" aria-invalid=\"false\"><option value=\"selecciona tu estado\">selecciona tu estado<\/option><option value=\"Alabama\">Alabama<\/option><option value=\"Alaska\">Alaska<\/option><option value=\"Arizona\">Arizona<\/option><option value=\"Arkansas\">Arkansas<\/option><option value=\"California\">California<\/option><option value=\"Colorado\">Colorado<\/option><option value=\"Connecticut\">Connecticut<\/option><option value=\"Delaware\">Delaware<\/option><option value=\"District of Columbia\">District of Columbia<\/option><option value=\"Florida\">Florida<\/option><option value=\"Georgia\">Georgia<\/option><option value=\"Hawaii\">Hawaii<\/option><option value=\"Illinois\">Illinois<\/option><option value=\"Indiana\">Indiana<\/option><option value=\"Kansas\">Kansas<\/option><option value=\"Kentucky\">Kentucky<\/option><option value=\"Louisiana\">Louisiana<\/option><option value=\"Maryland\">Maryland<\/option><option value=\"Massachusetts\">Massachusetts<\/option><option value=\"Michigan\">Michigan<\/option><option value=\"Minnesota\">Minnesota<\/option><option value=\"Mississippi\">Mississippi<\/option><option value=\"Missouri\">Missouri<\/option><option value=\"Montana\">Montana<\/option><option value=\"Nebraska\">Nebraska<\/option><option value=\"Nevada\">Nevada<\/option><option value=\"New Hampshire\">New Hampshire<\/option><option value=\"New Jersey\">New Jersey<\/option><option value=\"New Mexico\">New Mexico<\/option><option value=\"New York\">New York<\/option><option value=\"North Carolina\">North Carolina<\/option><option value=\"North Dakota\">North Dakota<\/option><option value=\"Oklahoma\">Oklahoma<\/option><option value=\"Oregon\">Oregon<\/option><option value=\"Pennsylvania\">Pennsylvania<\/option><option value=\"Rhode Island\">Rhode Island<\/option><option value=\"South Carolina\">South Carolina<\/option><option value=\"South Dakota\">South Dakota<\/option><option value=\"Tennessee\">Tennessee<\/option><option value=\"Texas\">Texas<\/option><option value=\"Vermont\">Vermont<\/option><option value=\"Virginia\">Virginia<\/option><option value=\"Washington\">Washington<\/option><option value=\"West Virginia\">West Virginia<\/option><option value=\"Wisconsin\">Wisconsin<\/option><option value=\"Wyoming\">Wyoming<\/option><\/select><\/span><\/p>\n<p>C\u00f3digo Postal<br \/>\n<span class=\"wpcf7-form-control-wrap your-zip\"><input type=\"text\" name=\"your-zip\" value=\"\" size=\"40\" class=\"wpcf7-form-control wpcf7-text\" aria-invalid=\"false\" \/><\/span>\n<\/td>\n<td style=\"vertical-align:top;\">\nTel\u00e9fono<br \/>\n<span class=\"wpcf7-form-control-wrap your-tel\"><input type=\"tel\" name=\"your-tel\" value=\"\" size=\"40\" class=\"wpcf7-form-control wpcf7-text wpcf7-tel wpcf7-validates-as-tel\" aria-invalid=\"false\" \/><\/span><\/p>\n<p>*Correo Electr\u00f3nico<br \/>\n<span class=\"wpcf7-form-control-wrap your-email\"><input type=\"email\" name=\"your-email\" value=\"\" size=\"40\" class=\"wpcf7-form-control wpcf7-text wpcf7-email wpcf7-validates-as-required wpcf7-validates-as-email\" aria-required=\"true\" aria-invalid=\"false\" \/><\/span><\/p>\n<p>Productos para los que Requiere Informaci\u00f3n:<br \/>\n<span class=\"wpcf7-form-control-wrap your-products\"><span class=\"wpcf7-form-control wpcf7-checkbox\"><span class=\"wpcf7-list-item first\"><input type=\"checkbox\" name=\"your-products[]\" value=\"Tubos y Tuber&iacute;a Flexible\" \/><span class=\"wpcf7-list-item-label\">Tubos y Tuber&iacute;a Flexible<\/span><\/span><span class=\"wpcf7-list-item\"><input type=\"checkbox\" name=\"your-products[]\" value=\"Perfiles Flexibles (Protectores de fricci&oacute;n, Flejes flexibles, Cinta de seguridad, Cinta de empalme)\" \/><span class=\"wpcf7-list-item-label\">Perfiles Flexibles (Protectores de fricci&oacute;n, Flejes flexibles, Cinta de seguridad, Cinta de empalme)<\/span><\/span><span class=\"wpcf7-list-item\"><input type=\"checkbox\" name=\"your-products[]\" value=\"Envasado Soluble en Agua\" \/><span class=\"wpcf7-list-item-label\">Envasado Soluble en Agua<\/span><\/span><span class=\"wpcf7-list-item\"><input type=\"checkbox\" name=\"your-products[]\" value=\"Tuber&iacute;a Micro &amp; Multilumen\" \/><span class=\"wpcf7-list-item-label\">Tuber&iacute;a Micro &amp; Multilumen<\/span><\/span><span class=\"wpcf7-list-item last\"><input type=\"checkbox\" name=\"your-products[]\" value=\"Productos de Extrusi&oacute;n a la Medida\" \/><span class=\"wpcf7-list-item-label\">Productos de Extrusi&oacute;n a la Medida<\/span><\/span><\/span><\/span><\/p>\n<p>Comentarios<br \/>\n<span class=\"wpcf7-form-control-wrap your-comments\"><textarea name=\"your-comments\" cols=\"40\" rows=\"7\" class=\"wpcf7-form-control wpcf7-textarea\" aria-invalid=\"false\"><\/textarea><\/span>\n<\/td>\n<\/tr>\n<\/table>\n<p>Por favor escriba estos caracteres: <input type=\"hidden\" name=\"_wpcf7_captcha_challenge_your-captcha\" value=\"3627062433\" \/><img loading=\"lazy\" decoding=\"async\" class=\"wpcf7-form-control wpcf7-captchac wpcf7-captcha-your-captcha\" width=\"72\" height=\"24\" alt=\"captcha\" src=\"https:\/\/www.randolphtubing.com\/espanol\/wp-content\/uploads\/wpcf7_captcha\/3627062433.png\" \/><br \/>\n<span class=\"wpcf7-form-control-wrap your-captcha\"><input type=\"text\" name=\"your-captcha\" value=\"\" size=\"40\" class=\"wpcf7-form-control wpcf7-captchar\" autocomplete=\"off\" aria-invalid=\"false\" \/><\/span><\/p>\n<p><input type=\"submit\" value=\"Enviar\" class=\"wpcf7-form-control wpcf7-submit\" \/><\/p>\n<div class=\"wpcf7-response-output wpcf7-display-none\"><\/div><\/form><\/div>\n","protected":false},"excerpt":{"rendered":"<p>Informaci\u00f3n de Contacto Horario de Servicio de 7:30 am a 4:30 pm CST hora del centro Address Randolph Austin Company 2119 F.M. 1626 P.O. Box 988 Manchaca, TX 78652 Departmentos Venta de tubos 001 512.282.1590 x109 or x107 Perfiles de Extrusi\u00f3n 001 512.282.1590 x132 Soluciones a la Medida 001 512.282.1590 x121 Contacto Tel\u00e9fono Gratuito en US 1.800.531.5263 Tel\u00e9fono 001 512.282.1590 [&hellip;]<\/p>\n","protected":false},"author":1,"featured_media":0,"parent":0,"menu_order":0,"comment_status":"closed","ping_status":"closed","template":"template-fullwidth.php","meta":{"_monsterinsights_skip_tracking":false,"_monsterinsights_sitenote_active":false,"_monsterinsights_sitenote_note":"","_monsterinsights_sitenote_category":0,"footnotes":""},"yst_prominent_words":[303,302,291,294,295,93,306,296,304,44,305,301,297,293,300,307,17,298],"class_list":["post-467","page","type-page","status-publish","hentry"],"_links":{"self":[{"href":"https:\/\/www.randolphtubing.com\/espanol\/wp-json\/wp\/v2\/pages\/467","targetHints":{"allow":["GET"]}}],"collection":[{"href":"https:\/\/www.randolphtubing.com\/espanol\/wp-json\/wp\/v2\/pages"}],"about":[{"href":"https:\/\/www.randolphtubing.com\/espanol\/wp-json\/wp\/v2\/types\/page"}],"author":[{"embeddable":true,"href":"https:\/\/www.randolphtubing.com\/espanol\/wp-json\/wp\/v2\/users\/1"}],"replies":[{"embeddable":true,"href":"https:\/\/www.randolphtubing.com\/espanol\/wp-json\/wp\/v2\/comments?post=467"}],"version-history":[{"count":3,"href":"https:\/\/www.randolphtubing.com\/espanol\/wp-json\/wp\/v2\/pages\/467\/revisions"}],"predecessor-version":[{"id":1281,"href":"https:\/\/www.randolphtubing.com\/espanol\/wp-json\/wp\/v2\/pages\/467\/revisions\/1281"}],"wp:attachment":[{"href":"https:\/\/www.randolphtubing.com\/espanol\/wp-json\/wp\/v2\/media?parent=467"}],"wp:term":[{"taxonomy":"yst_prominent_words","embeddable":true,"href":"https:\/\/www.randolphtubing.com\/espanol\/wp-json\/wp\/v2\/yst_prominent_words?post=467"}],"curies":[{"name":"wp","href":"https:\/\/api.w.org\/{rel}","templated":true}]}}